{"id":450,"date":"2026-01-15T18:16:32","date_gmt":"2026-01-15T18:16:32","guid":{"rendered":"https:\/\/artex.pt\/?page_id=450"},"modified":"2026-01-19T20:25:21","modified_gmt":"2026-01-19T20:25:21","slug":"landing-page","status":"publish","type":"page","link":"https:\/\/artex.pt\/index.php\/landing-page\/","title":{"rendered":"Landing Page"},"content":{"rendered":"\n<section class=\"wp-block-uagb-container uagb-block-88cac508 alignfull uagb-is-root-container\"><\/section>\n\n\n\n<section class=\"wp-block-uagb-container uagb-layout-flex uagb-block-6b006646 alignfull uagb-is-root-container\">\n<p class=\"has-ast-global-color-3-color has-text-color has-link-color has-small-font-size wp-elements-0126c572a3f86fe916363b776803d4e0\"><strong>A SUA MARCA<br>O NOSSO TRABALHO<\/strong><\/p>\n\n\n\n<p class=\"has-ast-global-color-3-color has-text-color has-link-color has-small-font-size wp-elements-725ec54129ecabd6802dd20799589a4a\">Do design \u00e0 produ\u00e7\u00e3o.<\/p>\n<\/section>\n\n\n\n<section class=\"wp-block-uagb-container uagb-layout-flex uagb-block-df4a5b1e alignfull uagb-is-root-container\"><\/section>\n\n\n\n<section class=\"wp-block-uagb-container uagb-block-6a7de2a1 alignfull uagb-is-root-container\">\n<div class=\"wp-block-uagb-container uagb-block-666c09e1\">\n<div class=\"wp-block-uagb-container uagb-block-9753226e\">\n<figure class=\"wp-block-image aligncenter size-full is-resized\"><img decoding=\"async\" width=\"933\" height=\"223\" src=\"https:\/\/artex.pt\/wp-content\/uploads\/2025\/05\/cropped-Branco.png\" alt=\"\" class=\"wp-image-77\" style=\"aspect-ratio:4.184079150403921;object-fit:cover;width:126px;height:auto\" srcset=\"https:\/\/artex.pt\/wp-content\/uploads\/2025\/05\/cropped-Branco.png 933w, https:\/\/artex.pt\/wp-content\/uploads\/2025\/05\/cropped-Branco-300x72.png 300w, https:\/\/artex.pt\/wp-content\/uploads\/2025\/05\/cropped-Branco-768x184.png 768w, https:\/\/artex.pt\/wp-content\/uploads\/2025\/05\/cropped-Branco-150x36.png 150w\" sizes=\"(max-width: 933px) 100vw, 933px\" \/><\/figure>\n<\/div>\n\n\n\n<div class=\"wp-block-uagb-container uagb-block-ba89b569\">\n<div class=\"wp-block-uagb-info-box uagb-block-ceb66173 uagb-infobox__content-wrap  uagb-infobox-icon-above-title uagb-infobox-image-valign-top\"><div class=\"uagb-ifb-content\"><div class=\"uagb-ifb-title-wrap\"><h3 class=\"uagb-ifb-title\">ARTEX: A empresa de design<\/h3><\/div><\/div><\/div>\n<\/div>\n\n\n\n<div class=\"wp-block-uagb-container uagb-block-9356ce2f\">\n<div class=\"wp-block-columns is-layout-flex wp-container-core-columns-is-layout-28f84493 wp-block-columns-is-layout-flex\">\n<div class=\"wp-block-column is-vertically-aligned-top is-layout-flow wp-block-column-is-layout-flow\" style=\"flex-basis:33.33%\">      \n\t\t\t<div class=\"uagb-icon-wrapper uagb-block-bab480ac      \"\n\t\t\tstyle=\"\" >\n\t\t\t\t\t\t\t\t\t<span class=\"uagb-svg-wrapper\" \n\t\t\t\t\t aria-label=\"location-dot\"\t\t\t\t\ttabindex=\"0\">\t\t\n\t\t\t\t\t\t\t\t\t\t<svg xmlns=\"https:\/\/www.w3.org\/2000\/svg\" viewBox= \"0 0 384 512\" role=\"graphics-symbol\" aria-hidden=\"false\" aria-label=\"\"><path d=\"M168.3 499.2C116.1 435 0 279.4 0 192C0 85.96 85.96 0 192 0C298 0 384 85.96 384 192C384 279.4 267 435 215.7 499.2C203.4 514.5 180.6 514.5 168.3 499.2H168.3zM192 256C227.3 256 256 227.3 256 192C256 156.7 227.3 128 192 128C156.7 128 128 156.7 128 192C128 227.3 156.7 256 192 256z\"><\/path><\/svg>\n\t\t\t\t\t\t\t\t\t<\/span>\n\t\t\t\t\t\t\t<\/div>\n\t\t\t<\/div>\n\n\n\n<div class=\"wp-block-column is-vertically-aligned-top is-layout-flow wp-block-column-is-layout-flow\" style=\"flex-basis:66.66%\">\n<p class=\"has-ast-global-color-3-color has-text-color has-link-color wp-elements-5babd5f9c07d7b735e45e1a5683e8b9d\">Rua da vilarinha 161, Porto<\/p>\n<\/div>\n<\/div>\n\n\n\n<div class=\"wp-block-columns is-not-stacked-on-mobile is-layout-flex wp-container-core-columns-is-layout-1ec2ec05 wp-block-columns-is-layout-flex\" style=\"margin-top:0;margin-bottom:0;padding-top:0;padding-right:0;padding-bottom:0;padding-left:0\">\n<div class=\"wp-block-column is-layout-flow wp-block-column-is-layout-flow\" style=\"flex-basis:33.33%\">      \n\t\t\t<div class=\"uagb-icon-wrapper uagb-block-25f61017      \"\n\t\t\tstyle=\"\" >\n\t\t\t\t\t\t\t\t\t<span class=\"uagb-svg-wrapper\" \n\t\t\t\t\t aria-label=\"envelope\"\t\t\t\t\ttabindex=\"0\">\t\t\n\t\t\t\t\t\t\t\t\t\t<svg xmlns=\"https:\/\/www.w3.org\/2000\/svg\" viewBox= \"0 0 512 512\" role=\"graphics-symbol\" aria-hidden=\"false\" aria-label=\"\"><path d=\"M464 64C490.5 64 512 85.49 512 112C512 127.1 504.9 141.3 492.8 150.4L275.2 313.6C263.8 322.1 248.2 322.1 236.8 313.6L19.2 150.4C7.113 141.3 0 127.1 0 112C0 85.49 21.49 64 48 64H464zM217.6 339.2C240.4 356.3 271.6 356.3 294.4 339.2L512 176V384C512 419.3 483.3 448 448 448H64C28.65 448 0 419.3 0 384V176L217.6 339.2z\"><\/path><\/svg>\n\t\t\t\t\t\t\t\t\t<\/span>\n\t\t\t\t\t\t\t<\/div>\n\t\t\t<\/div>\n\n\n\n<div class=\"wp-block-column is-vertically-aligned-bottom is-layout-flow wp-block-column-is-layout-flow\" style=\"flex-basis:66.66%\">\n<p class=\"has-ast-global-color-3-color has-text-color has-link-color wp-elements-f5a514ec167198539284ed6550fd16db\">Geral@artex.pt<\/p>\n<\/div>\n<\/div>\n<\/div>\n<\/div>\n<\/section>\n\n\n\n<section class=\"wp-block-uagb-container uagb-block-e0932d3c alignfull uagb-is-root-container\"><\/section>\n\n\n\n<p><\/p>\n","protected":false},"excerpt":{"rendered":"<p>A SUA MARCAO NOSSO TRABALHO Do design \u00e0 produ\u00e7\u00e3o. Rua da vilarinha 161, Porto Geral@artex.pt<\/p>\n","protected":false},"author":1,"featured_media":0,"parent":0,"menu_order":0,"comment_status":"closed","ping_status":"closed","template":"","meta":{"_uag_custom_page_level_css":"","site-sidebar-layout":"default","site-content-layout":"","ast-site-content-layout":"default","site-content-style":"default","site-sidebar-style":"default","ast-global-header-display":"","ast-banner-title-visibility":"","ast-main-header-display":"","ast-hfb-above-header-display":"","ast-hfb-below-header-display":"","ast-hfb-mobile-header-display":"","site-post-title":"disabled","ast-breadcrumbs-content":"","ast-featured-img":"","footer-sml-layout":"","ast-disable-related-posts":"","theme-transparent-header-meta":"","adv-header-id-meta":"","stick-header-meta":"","header-above-stick-meta":"","header-main-stick-meta":"","header-below-stick-meta":"","astra-migrate-meta-layouts":"default","ast-page-background-enabled":"default","ast-page-background-meta":{"desktop":{"background-color":"var(--ast-global-color-5)","background-image":"","background-repeat":"repeat","background-position":"center center","background-size":"auto","background-attachment":"scroll","background-type":"","background-media":"","overlay-type":"","overlay-color":"","overlay-opacity":"","overlay-gradient":""},"tablet":{"background-color":"","background-image":"","background-repeat":"repeat","background-position":"center center","background-size":"auto","background-attachment":"scroll","background-type":"","background-media":"","overlay-type":"","overlay-color":"","overlay-opacity":"","overlay-gradient":""},"mobile":{"background-color":"","background-image":"","background-repeat":"repeat","background-position":"center center","background-size":"auto","background-attachment":"scroll","background-type":"","background-media":"","overlay-type":"","overlay-color":"","overlay-opacity":"","overlay-gradient":""}},"ast-content-background-meta":{"desktop":{"background-color":"var(--ast-global-color-4)","background-image":"","background-repeat":"repeat","background-position":"center center","background-size":"auto","background-attachment":"scroll","background-type":"","background-media":"","overlay-type":"","overlay-color":"","overlay-opacity":"","overlay-gradient":""},"tablet":{"background-color":"var(--ast-global-color-4)","background-image":"","background-repeat":"repeat","background-position":"center center","background-size":"auto","background-attachment":"scroll","background-type":"","background-media":"","overlay-type":"","overlay-color":"","overlay-opacity":"","overlay-gradient":""},"mobile":{"background-color":"var(--ast-global-color-4)","background-image":"","background-repeat":"repeat","background-position":"center center","background-size":"auto","background-attachment":"scroll","background-type":"","background-media":"","overlay-type":"","overlay-color":"","overlay-opacity":"","overlay-gradient":""}},"footnotes":""},"class_list":["post-450","page","type-page","status-publish","hentry"],"uagb_featured_image_src":{"full":false,"thumbnail":false,"medium":false,"medium_large":false,"large":false,"1536x1536":false,"2048x2048":false},"uagb_author_info":{"display_name":"admin","author_link":"https:\/\/artex.pt\/index.php\/author\/artex\/"},"uagb_comment_info":0,"uagb_excerpt":"A SUA MARCAO NOSSO TRABALHO Do design \u00e0 produ\u00e7\u00e3o. Rua da vilarinha 161, Porto Geral@artex.pt","_links":{"self":[{"href":"https:\/\/artex.pt\/index.php\/wp-json\/wp\/v2\/pages\/450","targetHints":{"allow":["GET"]}}],"collection":[{"href":"https:\/\/artex.pt\/index.php\/wp-json\/wp\/v2\/pages"}],"about":[{"href":"https:\/\/artex.pt\/index.php\/wp-json\/wp\/v2\/types\/page"}],"author":[{"embeddable":true,"href":"https:\/\/artex.pt\/index.php\/wp-json\/wp\/v2\/users\/1"}],"replies":[{"embeddable":true,"href":"https:\/\/artex.pt\/index.php\/wp-json\/wp\/v2\/comments?post=450"}],"version-history":[{"count":11,"href":"https:\/\/artex.pt\/index.php\/wp-json\/wp\/v2\/pages\/450\/revisions"}],"predecessor-version":[{"id":467,"href":"https:\/\/artex.pt\/index.php\/wp-json\/wp\/v2\/pages\/450\/revisions\/467"}],"wp:attachment":[{"href":"https:\/\/artex.pt\/index.php\/wp-json\/wp\/v2\/media?parent=450"}],"curies":[{"name":"wp","href":"https:\/\/api.w.org\/{rel}","templated":true}]}}